{"id":39,"date":"2022-12-19T02:32:23","date_gmt":"2022-12-19T02:32:23","guid":{"rendered":"https:\/\/gaviaspreview.com\/wp\/boliin\/?page_id=39"},"modified":"2025-09-17T15:57:56","modified_gmt":"2025-09-17T15:57:56","slug":"reviews","status":"publish","type":"page","link":"https:\/\/guneshotel.net\/tr\/reviews\/","title":{"rendered":"Yorumlar"},"content":{"rendered":"<div data-elementor-type=\"wp-page\" data-elementor-id=\"39\" class=\"elementor elementor-39\">\n\t\t\t\t\t\t<section class=\"elementor-section elementor-top-section elementor-element elementor-element-2d30f5f elementor-section-boxed elementor-section-height-default elementor-section-height-default\" data-id=\"2d30f5f\" data-element_type=\"section\" data-settings=\"{&quot;background_background&quot;:&quot;slideshow&quot;,&quot;background_slideshow_gallery&quot;:[{&quot;id&quot;:532,&quot;url&quot;:&quot;https:\\\/\\\/guneshotel.net\\\/wp-content\\\/uploads\\\/2025\\\/09\\\/calis-plaji-konum.jpg&quot;},{&quot;id&quot;:530,&quot;url&quot;:&quot;https:\\\/\\\/guneshotel.net\\\/wp-content\\\/uploads\\\/2025\\\/09\\\/67d82a752a668-image00035-jpg.webp&quot;}],&quot;background_slideshow_ken_burns&quot;:&quot;yes&quot;,&quot;background_slideshow_loop&quot;:&quot;yes&quot;,&quot;background_slideshow_slide_duration&quot;:5000,&quot;background_slideshow_slide_transition&quot;:&quot;fade&quot;,&quot;background_slideshow_transition_duration&quot;:500,&quot;background_slideshow_ken_burns_zoom_direction&quot;:&quot;in&quot;}\">\n\t\t\t\t\t\t<div class=\"elementor-container elementor-column-gap-default\">\n\t\t\t\t\t<div class=\"elementor-column elementor-col-100 elementor-top-column elementor-element elementor-element-c9528bd\" data-id=\"c9528bd\" data-element_type=\"column\">\n\t\t\t<div class=\"elementor-widget-wrap elementor-element-populated\">\n\t\t\t\t\t\t<div class=\"elementor-element elementor-element-6934e51 elementor-widget elementor-widget-gva-heading-block\" data-id=\"6934e51\" data-element_type=\"widget\" data-widget_type=\"gva-heading-block.default\">\n\t\t\t\t<div class=\"elementor-widget-container\">\n\t\t\t\t\t<div class=\"gva-element-gva-heading-block gva-element\">   <div class=\"align-left style-1 widget gsc-heading box-align-left auto-responsive\">\r\n      <div class=\"content-inner\">\r\n         \r\n                  \r\n           \r\n         \r\n                     <h2 class=\"title\">\r\n               <span>Misafir Yorumlar\u0131<\/span>\r\n            <\/h2>\r\n                  \r\n         \r\n         \r\n      <\/div>\r\n   <\/div>\r\n<\/div>\t\t\t\t<\/div>\n\t\t\t\t<\/div>\n\t\t\t\t\t<\/div>\n\t\t<\/div>\n\t\t\t\t\t<\/div>\n\t\t<\/section>\n\t\t\t\t<section class=\"elementor-section elementor-top-section elementor-element elementor-element-2a3eca7 elementor-section-boxed elementor-section-height-default elementor-section-height-default\" data-id=\"2a3eca7\" data-element_type=\"section\" data-settings=\"{&quot;background_background&quot;:&quot;classic&quot;}\">\n\t\t\t\t\t\t<div class=\"elementor-container elementor-column-gap-default\">\n\t\t\t\t\t<div class=\"elementor-column elementor-col-100 elementor-top-column elementor-element elementor-element-9e9a894\" data-id=\"9e9a894\" data-element_type=\"column\">\n\t\t\t<div class=\"elementor-widget-wrap elementor-element-populated\">\n\t\t\t\t\t\t<div class=\"elementor-element elementor-element-0f2fc57 elementor-widget elementor-widget-gva-heading-block\" data-id=\"0f2fc57\" data-element_type=\"widget\" data-widget_type=\"gva-heading-block.default\">\n\t\t\t\t<div class=\"elementor-widget-container\">\n\t\t\t\t\t<div class=\"gva-element-gva-heading-block gva-element\">   <div class=\"align-center style-1 widget gsc-heading box-align-center auto-responsive\">\r\n      <div class=\"content-inner\">\r\n         \r\n                  \r\n         <div class=\"heading-icon\"><span><img decoding=\"async\" src=\"https:\/\/guneshotel.net\/wp-content\/plugins\/boliin-themer\/elementor\/assets\/images\/icon-heading.png\" alt=\"Read some of guests feedback\u200b\" \/><\/span><\/div>  \r\n         \r\n                     <h2 class=\"title\">\r\n               <span>Misafirlerin geri bildirimlerini okuyun\n<\/span>\r\n            <\/h2>\r\n                  \r\n         \r\n         \r\n      <\/div>\r\n   <\/div>\r\n<\/div>\t\t\t\t<\/div>\n\t\t\t\t<\/div>\n\t\t\t\t<div class=\"elementor-element elementor-element-c4fc90a elementor-widget elementor-widget-gva-testimonials\" data-id=\"c4fc90a\" data-element_type=\"widget\" data-widget_type=\"gva-testimonials.default\">\n\t\t\t\t<div class=\"elementor-widget-container\">\n\t\t\t\t\t<div class=\"gva-element-gva-testimonials gva-element\">\r\n<div class=\"gsc-testimonial layout-grid style-2\">\r\n\t<div class=\"lg-block-grid-2 md-block-grid-2 sm-block-grid-2 xs-block-grid-1 xx-block-grid-1\">\r\n\t\t\t\t\t\r\n\t\t\t<div class=\"item-columns\">\r\n\t\t\t\t<div class=\"testimonial-item style-2 elementor-repeater-item-dfdd2d2\">\r\n   \r\n     \r\n\r\n         <div class=\"testimonial-two__single\">\r\n         <div class=\"testimonial-two__quote\">\r\n            <div class=\"testimonial-two__stars\">\r\n               <i class=\"fa fa-star\"><\/i>\r\n               <i class=\"fa fa-star\"><\/i>\r\n               <i class=\"fa fa-star\"><\/i>\r\n               <i class=\"fa fa-star\"><\/i>\r\n               <i class=\"fa fa-star\"><\/i>\r\n            <\/div>\r\n            Bir haftal\u0131k konaklamadan yeni d\u00f6nd\u00fcm, ne bekleyece\u011fimden emin de\u011fildim ama harika vakit ge\u00e7irdim.\nOdalar biraz sade ama \u00f6dedi\u011finizin kar\u015f\u0131l\u0131\u011f\u0131n\u0131 al\u0131yorsunuz, ancak klima ve mini buzdolab\u0131 harika bir \u00f6zellikti.            <span class=\"testimonial-two__quote-icon\"><i class=\"bicon-quote\"><\/i><\/span>\r\n            <span class=\"testimonial-two__arrow\">\r\n               <span class=\"first\"><\/span>\r\n               <span class=\"second\"><\/span>\r\n            <\/span>\r\n         <\/div>\r\n         <div class=\"testimonial-two__meta\">\r\n            <div class=\"testimonial-two__image\"><img fetchpriority=\"high\" decoding=\"async\" width=\"500\" height=\"500\" src=\"https:\/\/guneshotel.net\/wp-content\/uploads\/2025\/09\/favico.png\" alt=\"Louise Linegar\" \/><\/div>            <div class=\"testimonial-two__information\">\r\n               <span class=\"testimonial-two__name\">Louise Linegar<\/span>\r\n               <span class=\"testimonial-two__job\"><\/span>\r\n            <\/div>\r\n         <\/div>\r\n      <\/div>   \r\n     \r\n\r\n    \r\n\r\n    \r\n\r\n<\/div>\r\n\r\n\t\t\t<\/div>\r\n\r\n\t\t\t\t\t\r\n\t\t\t<div class=\"item-columns\">\r\n\t\t\t\t<div class=\"testimonial-item style-2 elementor-repeater-item-e8f3849\">\r\n   \r\n     \r\n\r\n         <div class=\"testimonial-two__single\">\r\n         <div class=\"testimonial-two__quote\">\r\n            <div class=\"testimonial-two__stars\">\r\n               <i class=\"fa fa-star\"><\/i>\r\n               <i class=\"fa fa-star\"><\/i>\r\n               <i class=\"fa fa-star\"><\/i>\r\n               <i class=\"fa fa-star\"><\/i>\r\n               <i class=\"fa fa-star\"><\/i>\r\n            <\/div>\r\n            Bir otelde arad\u0131\u011f\u0131m\u0131z her \u015fey vard\u0131. 5 y\u0131ld\u0131zl\u0131 l\u00fcks bir otel aram\u0131yorduk. Rahat ve temiz bir oda, g\u00fczel bir havuz, g\u00fcler y\u00fczl\u00fc personel ve uygun fiyata harika bir konum istiyorduk.\nT\u00fcm bunlar\u0131 bulduk.            <span class=\"testimonial-two__quote-icon\"><i class=\"bicon-quote\"><\/i><\/span>\r\n            <span class=\"testimonial-two__arrow\">\r\n               <span class=\"first\"><\/span>\r\n               <span class=\"second\"><\/span>\r\n            <\/span>\r\n         <\/div>\r\n         <div class=\"testimonial-two__meta\">\r\n            <div class=\"testimonial-two__image\"><img decoding=\"async\" width=\"500\" height=\"500\" src=\"https:\/\/guneshotel.net\/wp-content\/uploads\/2025\/09\/favico.png\" alt=\"Martin Sloan\" \/><\/div>            <div class=\"testimonial-two__information\">\r\n               <span class=\"testimonial-two__name\">Martin Sloan<\/span>\r\n               <span class=\"testimonial-two__job\"><\/span>\r\n            <\/div>\r\n         <\/div>\r\n      <\/div>   \r\n     \r\n\r\n    \r\n\r\n    \r\n\r\n<\/div>\r\n\r\n\t\t\t<\/div>\r\n\r\n\t\t\t\t\t\r\n\t\t\t<div class=\"item-columns\">\r\n\t\t\t\t<div class=\"testimonial-item style-2 elementor-repeater-item-8c6afd1\">\r\n   \r\n     \r\n\r\n         <div class=\"testimonial-two__single\">\r\n         <div class=\"testimonial-two__quote\">\r\n            <div class=\"testimonial-two__stars\">\r\n               <i class=\"fa fa-star\"><\/i>\r\n               <i class=\"fa fa-star\"><\/i>\r\n               <i class=\"fa fa-star\"><\/i>\r\n               <i class=\"fa fa-star\"><\/i>\r\n               <i class=\"fa fa-star\"><\/i>\r\n            <\/div>\r\n            G\u00fcne\u015f Otel'de ge\u00e7irdi\u011fim iki haftal\u0131k harika tatilin ard\u0131ndan yeni d\u00f6nd\u00fcm. Harika bir konumda yer alan bu otelin havuzu \u00e7ok g\u00fczel, bol miktarda \u015fezlong ve \u015femsiye mevcut, havuz alan\u0131 her zaman temiz ve d\u00fczenli tutuluyor.            <span class=\"testimonial-two__quote-icon\"><i class=\"bicon-quote\"><\/i><\/span>\r\n            <span class=\"testimonial-two__arrow\">\r\n               <span class=\"first\"><\/span>\r\n               <span class=\"second\"><\/span>\r\n            <\/span>\r\n         <\/div>\r\n         <div class=\"testimonial-two__meta\">\r\n            <div class=\"testimonial-two__image\"><img decoding=\"async\" width=\"500\" height=\"500\" src=\"https:\/\/guneshotel.net\/wp-content\/uploads\/2025\/09\/favico.png\" alt=\"Martin Sloan\" \/><\/div>            <div class=\"testimonial-two__information\">\r\n               <span class=\"testimonial-two__name\">Martin Sloan<\/span>\r\n               <span class=\"testimonial-two__job\"><\/span>\r\n            <\/div>\r\n         <\/div>\r\n      <\/div>   \r\n     \r\n\r\n    \r\n\r\n    \r\n\r\n<\/div>\r\n\r\n\t\t\t<\/div>\r\n\r\n\t\t\t\t\t\r\n\t\t\t<div class=\"item-columns\">\r\n\t\t\t\t<div class=\"testimonial-item style-2 elementor-repeater-item-f30e8f8\">\r\n   \r\n     \r\n\r\n         <div class=\"testimonial-two__single\">\r\n         <div class=\"testimonial-two__quote\">\r\n            <div class=\"testimonial-two__stars\">\r\n               <i class=\"fa fa-star\"><\/i>\r\n               <i class=\"fa fa-star\"><\/i>\r\n               <i class=\"fa fa-star\"><\/i>\r\n               <i class=\"fa fa-star\"><\/i>\r\n               <i class=\"fa fa-star\"><\/i>\r\n            <\/div>\r\n            Son 3 y\u0131ld\u0131r G\u00fcne\u015f Otel'e gidiyoruz. Kusursuz. Deniz k\u0131y\u0131s\u0131nda harika bir konum. G\u00fczel odalar, sade ama ola\u011fan\u00fcst\u00fc temizlik.            <span class=\"testimonial-two__quote-icon\"><i class=\"bicon-quote\"><\/i><\/span>\r\n            <span class=\"testimonial-two__arrow\">\r\n               <span class=\"first\"><\/span>\r\n               <span class=\"second\"><\/span>\r\n            <\/span>\r\n         <\/div>\r\n         <div class=\"testimonial-two__meta\">\r\n            <div class=\"testimonial-two__image\"><img decoding=\"async\" width=\"500\" height=\"500\" src=\"https:\/\/guneshotel.net\/wp-content\/uploads\/2025\/09\/favico.png\" alt=\"Dorothy Aspinall\" \/><\/div>            <div class=\"testimonial-two__information\">\r\n               <span class=\"testimonial-two__name\">Dorothy Aspinall<\/span>\r\n               <span class=\"testimonial-two__job\"><\/span>\r\n            <\/div>\r\n         <\/div>\r\n      <\/div>   \r\n     \r\n\r\n    \r\n\r\n    \r\n\r\n<\/div>\r\n\r\n\t\t\t<\/div>\r\n\r\n\t\t\t\t\t\r\n\t\t\t<div class=\"item-columns\">\r\n\t\t\t\t<div class=\"testimonial-item style-2 elementor-repeater-item-0fb3001\">\r\n   \r\n     \r\n\r\n         <div class=\"testimonial-two__single\">\r\n         <div class=\"testimonial-two__quote\">\r\n            <div class=\"testimonial-two__stars\">\r\n               <i class=\"fa fa-star\"><\/i>\r\n               <i class=\"fa fa-star\"><\/i>\r\n               <i class=\"fa fa-star\"><\/i>\r\n               <i class=\"fa fa-star\"><\/i>\r\n               <i class=\"fa fa-star\"><\/i>\r\n            <\/div>\r\n            Odalar basit ama 3 y\u0131ld\u0131zl\u0131 olmas\u0131na ra\u011fmen fazlas\u0131yla yeterli, \u00e7\u00fcnk\u00fc t\u00fcm g\u00fcn\u00fc havuzda ve barda ge\u00e7irdim!\nHem personel hem de m\u00fc\u015fteriler \u00e7ok g\u00fcler y\u00fczl\u00fc ve son derece yard\u0131msever.            <span class=\"testimonial-two__quote-icon\"><i class=\"bicon-quote\"><\/i><\/span>\r\n            <span class=\"testimonial-two__arrow\">\r\n               <span class=\"first\"><\/span>\r\n               <span class=\"second\"><\/span>\r\n            <\/span>\r\n         <\/div>\r\n         <div class=\"testimonial-two__meta\">\r\n            <div class=\"testimonial-two__image\"><img loading=\"lazy\" decoding=\"async\" width=\"500\" height=\"500\" src=\"https:\/\/guneshotel.net\/wp-content\/uploads\/2025\/09\/favico.png\" alt=\"Catherine Leedham\" \/><\/div>            <div class=\"testimonial-two__information\">\r\n               <span class=\"testimonial-two__name\">Catherine Leedham<\/span>\r\n               <span class=\"testimonial-two__job\"><\/span>\r\n            <\/div>\r\n         <\/div>\r\n      <\/div>   \r\n     \r\n\r\n    \r\n\r\n    \r\n\r\n<\/div>\r\n\r\n\t\t\t<\/div>\r\n\r\n\t\t\t\t\t\r\n\t\t\t<div class=\"item-columns\">\r\n\t\t\t\t<div class=\"testimonial-item style-2 elementor-repeater-item-c1f324d\">\r\n   \r\n     \r\n\r\n         <div class=\"testimonial-two__single\">\r\n         <div class=\"testimonial-two__quote\">\r\n            <div class=\"testimonial-two__stars\">\r\n               <i class=\"fa fa-star\"><\/i>\r\n               <i class=\"fa fa-star\"><\/i>\r\n               <i class=\"fa fa-star\"><\/i>\r\n               <i class=\"fa fa-star\"><\/i>\r\n               <i class=\"fa fa-star\"><\/i>\r\n            <\/div>\r\n            3* bir otel diyebilirim. Konumu muhte\u015fem - tam sahilde, \u00e7ok say\u0131da bar, restoran ve ma\u011fazan\u0131n bulundu\u011fu sahil yoluna y\u00fcr\u00fcme mesafesinde.             <span class=\"testimonial-two__quote-icon\"><i class=\"bicon-quote\"><\/i><\/span>\r\n            <span class=\"testimonial-two__arrow\">\r\n               <span class=\"first\"><\/span>\r\n               <span class=\"second\"><\/span>\r\n            <\/span>\r\n         <\/div>\r\n         <div class=\"testimonial-two__meta\">\r\n            <div class=\"testimonial-two__image\"><img loading=\"lazy\" decoding=\"async\" width=\"500\" height=\"500\" src=\"https:\/\/guneshotel.net\/wp-content\/uploads\/2025\/09\/favico.png\" alt=\"Jade Mackie\" \/><\/div>            <div class=\"testimonial-two__information\">\r\n               <span class=\"testimonial-two__name\">Jade Mackie<\/span>\r\n               <span class=\"testimonial-two__job\"><\/span>\r\n            <\/div>\r\n         <\/div>\r\n      <\/div>   \r\n     \r\n\r\n    \r\n\r\n    \r\n\r\n<\/div>\r\n\r\n\t\t\t<\/div>\r\n\r\n\t\t\t<\/div>   \r\n<\/div>\r\n<\/div>\t\t\t\t<\/div>\n\t\t\t\t<\/div>\n\t\t\t\t\t<\/div>\n\t\t<\/div>\n\t\t\t\t\t<\/div>\n\t\t<\/section>\n\t\t\t\t<\/div>","protected":false},"excerpt":{"rendered":"<p>What They\u2019re Saying? Read some of guests feedback\u200b Just back from a week stay, wasnt sure what to expect but had a great time. Rooms are somewhat basic but you [&hellip;]<\/p>","protected":false},"author":1,"featured_media":0,"parent":0,"menu_order":0,"comment_status":"closed","ping_status":"closed","template":"","meta":{"footnotes":""},"class_list":["post-39","page","type-page","status-publish","hentry"],"_links":{"self":[{"href":"https:\/\/guneshotel.net\/tr\/wp-json\/wp\/v2\/pages\/39","targetHints":{"allow":["GET"]}}],"collection":[{"href":"https:\/\/guneshotel.net\/tr\/wp-json\/wp\/v2\/pages"}],"about":[{"href":"https:\/\/guneshotel.net\/tr\/wp-json\/wp\/v2\/types\/page"}],"author":[{"embeddable":true,"href":"https:\/\/guneshotel.net\/tr\/wp-json\/wp\/v2\/users\/1"}],"replies":[{"embeddable":true,"href":"https:\/\/guneshotel.net\/tr\/wp-json\/wp\/v2\/comments?post=39"}],"version-history":[{"count":11,"href":"https:\/\/guneshotel.net\/tr\/wp-json\/wp\/v2\/pages\/39\/revisions"}],"predecessor-version":[{"id":674,"href":"https:\/\/guneshotel.net\/tr\/wp-json\/wp\/v2\/pages\/39\/revisions\/674"}],"wp:attachment":[{"href":"https:\/\/guneshotel.net\/tr\/wp-json\/wp\/v2\/media?parent=39"}],"curies":[{"name":"wp","href":"https:\/\/api.w.org\/{rel}","templated":true}]}}